{"id":2,"date":"2016-09-27T16:56:13","date_gmt":"2016-09-27T22:56:13","guid":{"rendered":"http:\/\/tela-termica.net\/?page_id=2"},"modified":"2019-06-20T12:37:10","modified_gmt":"2019-06-20T18:37:10","slug":"pagina-ejemplo","status":"publish","type":"page","link":"https:\/\/tela-termica.net\/","title":{"rendered":"Tela T\u00e9rmica"},"content":{"rendered":"<h1><strong>Tela t\u00e9rmica <\/strong><\/h1>\n<p>Tela-t\u00e9rmica, tela para invernaderos, invernadero, tela contra el sol, tela anti-insectos, malla anti-insectos, tela anti-heladas, malla anti-heladas, colch\u00f3n t\u00e9rmico, casa invernadero, tela t\u00e9rmica.<\/p>\n<h2><strong>Proteja a sus cultivos con una tela t\u00e9rmica <\/strong><\/h2>\n<p>Las telas t\u00e9rmicas son mallas hechas de polipropileno que gracias a su forma de tejido protegen a los cultivos de las heladas provey\u00e9ndolas con el calor necesario para crecer y desarrollarse y a la vez protegi\u00e9ndolas del exceso del sol que puede deshidratar e insolar a los cultivos al estar expuestos de manera constante por largos periodos de tiempo a este lo cual es muy com\u00fan sobre todo en lugares secos y des\u00e9rticos. Esta tela act\u00faa de d\u00eda protegiendo y absorbiendo los rayos del sol y uv para que no entren en contacto directo con sus cultivos, y de noche libera el calor absorbido a sus plantas para que estas sigan teniendo una buena temperatura y no sufran por la bajas de temperatura que ocurren durante las noches o las devastadoras heladas que pueden acabar con hasta el 60% de sus cultivos en una niche.<\/p>\n<figure id=\"attachment_13\" aria-describedby=\"caption-attachment-13\" style=\"width: 282px\" class=\"wp-caption alignnone\"><img loading=\"lazy\" decoding=\"async\" class=\"size-full wp-image-13\" src=\"http:\/\/tela-termica.net\/wp-content\/uploads\/2016\/09\/la-isntalaci\u00f3n-de-la-tela-t\u00e9rmica-puede-ser-personalizada.jpg\" alt=\"La tela t\u00e9rmica es ideal para la protecci\u00f3n de sus cultivos y para proveerles la temperatura necesaria para su desarrollo\" width=\"282\" height=\"179\" \/><figcaption id=\"caption-attachment-13\" class=\"wp-caption-text\">La malla anti-heladas es ideal para la protecci\u00f3n de sus cultivos y para proveerles la temperatura necesaria para su desarrollo<\/figcaption><\/figure>\n<figure id=\"attachment_14\" aria-describedby=\"caption-attachment-14\" style=\"width: 300px\" class=\"wp-caption alignnone\"><img loading=\"lazy\" decoding=\"async\" class=\"size-medium wp-image-14\" src=\"http:\/\/tela-termica.net\/wp-content\/uploads\/2016\/09\/la-protecci\u00f3n-de-la-tela-t\u00e9rmica-300x216.jpg\" alt=\"La tela t\u00e9rmica una opci\u00f3n econ\u00f3mica para la protecci\u00f3n de sus cultivos.\" width=\"300\" height=\"216\" srcset=\"https:\/\/tela-termica.net\/wp-content\/uploads\/2016\/09\/la-protecci\u00f3n-de-la-tela-t\u00e9rmica-300x216.jpg 300w, https:\/\/tela-termica.net\/wp-content\/uploads\/2016\/09\/la-protecci\u00f3n-de-la-tela-t\u00e9rmica.jpg 317w\" sizes=\"auto, (max-width: 300px) 100vw, 300px\" \/><figcaption id=\"caption-attachment-14\" class=\"wp-caption-text\">La tela para invernaderos una opci\u00f3n econ\u00f3mica para la protecci\u00f3n de sus cultivos.<\/figcaption><\/figure>\n<h3><strong>La instalaci\u00f3n y los usos de una malla anti-heladas<\/strong><\/h3>\n<p>Gracias a que la tela t\u00e9rmica es <strong>ligera<\/strong> y <strong>manipulable<\/strong> su instalaci\u00f3n y montaje ser\u00e1n r\u00e1pidos y f\u00e1ciles adem\u00e1s de que usted puede instalarla de la manera que considera mejor para sus cultivos esto es: poni\u00e9ndola solo como techo, a los lados para evitar la maleza y a los insectos, o puede generar una<strong> casa invernadero<\/strong>.<\/p>\n<figure id=\"attachment_12\" aria-describedby=\"caption-attachment-12\" style=\"width: 264px\" class=\"wp-caption alignnone\"><img loading=\"lazy\" decoding=\"async\" class=\"size-full wp-image-12\" src=\"http:\/\/tela-termica.net\/wp-content\/uploads\/2016\/09\/instalaci\u00f3n-de-la-tela-t\u00e9rmica.jpg\" alt=\"La instalaci\u00f3n de la tela t\u00e9rmica es muy f\u00e1cil y sencilla y r\u00e1pida de realizar\" width=\"264\" height=\"264\" srcset=\"https:\/\/tela-termica.net\/wp-content\/uploads\/2016\/09\/instalaci\u00f3n-de-la-tela-t\u00e9rmica.jpg 264w, https:\/\/tela-termica.net\/wp-content\/uploads\/2016\/09\/instalaci\u00f3n-de-la-tela-t\u00e9rmica-150x150.jpg 150w\" sizes=\"auto, (max-width: 264px) 100vw, 264px\" \/><figcaption id=\"caption-attachment-12\" class=\"wp-caption-text\">La instalaci\u00f3n de la tela t\u00e9rmica es muy f\u00e1cil y sencilla y r\u00e1pida de realizar<\/figcaption><\/figure>\n<p>Con un cultivo en un invernadero usted proteger\u00e1 a sus cultivos de las condiciones agrestes del exterior y no tendr\u00e1 que preocuparse por la lluvia o los fuertes vientos, adem\u00e1s les proveer\u00e1 protecci\u00f3n\u00a0 contra los <strong>rayos uv<\/strong> del sol y por la noche la tela t\u00e9rmica liberara el calor absorbido a sus platas para que esas sigan estando en <strong>excelentes condiciones<\/strong> incluso durante las noches m\u00e1s heladas.<\/p>\n<figure id=\"attachment_15\" aria-describedby=\"caption-attachment-15\" style=\"width: 266px\" class=\"wp-caption alignnone\"><img loading=\"lazy\" decoding=\"async\" class=\"size-full wp-image-15\" src=\"http:\/\/tela-termica.net\/wp-content\/uploads\/2016\/09\/la-tela-t\u00e9rmica-es-ideal-para-la-fabricaci\u00f3n-de-invernaderos.jpg\" alt=\"La tela t\u00e9rmica es la mejor opci\u00f3n para fabricar las paredes y techos de un invernadero.\" width=\"266\" height=\"205\" \/><figcaption id=\"caption-attachment-15\" class=\"wp-caption-text\">La tela anti-heladas es la mejor opci\u00f3n para fabricar las paredes y techos de un invernadero.<\/figcaption><\/figure>\n<p>Al tener un invernadero usted podr\u00e1 <strong>controlar <\/strong>los<strong> factores<\/strong> de crecimiento de sus cultivos, tales como el sol, la temperatura, los tiempos y formas de riego, podr\u00e1 tener la posibilidad de liberar insectos polinizadores para que sus plantes se desarrollen mejor y m\u00e1s r\u00e1pido, adem\u00e1s contara con m\u00e1s espacio gracias a la organizaci\u00f3n que el invernadero le facilita que tambi\u00e9n har\u00e1 que se d\u00e9 cuenta m\u00e1s r\u00e1pido y con mayor facilidad de cualquier problema que se presente en sus cultivos para poder tomar acci\u00f3n m\u00e1s r\u00e1pido y evitar p\u00e9rdidas en sus plantaciones.<\/p>\n<h4><strong>Otros usos de la tela para invernaderos<\/strong><\/h4>\n<p>La malla anti-heladas tambi\u00e9n es usada como <strong>controladora de insectos<\/strong> <a href=\"https:\/\/es.wikipedia.org\/wiki\/Fitopat%C3%B3geno\"><strong>fitopat\u00f3genos<\/strong><\/a><strong>\u00a0<\/strong>que afectan a los cultivos devor\u00e1ndolos, tambi\u00e9n se usa en la acuacultura como protecci\u00f3n en los estanques contra insectos que pueden ser da\u00f1inos en especial a para los <a href=\"https:\/\/es.wikipedia.org\/wiki\/Alev%C3%ADn\"><strong>alevines<\/strong><\/a>\u00a0tembien ha empezado a ser utilizada por los lombricultores instal\u00e1ndola como techo para protegerlas de otros insectos que las devora o que anidan en la tierra as\u00ed como de las bajas temperaturas de las noches.<\/p>\n<figure id=\"attachment_16\" aria-describedby=\"caption-attachment-16\" style=\"width: 300px\" class=\"wp-caption alignnone\"><img loading=\"lazy\" decoding=\"async\" class=\"size-medium wp-image-16\" src=\"http:\/\/tela-termica.net\/wp-content\/uploads\/2016\/09\/la-tela-t\u00e9rmica-en-lombricultura-300x245.jpg\" alt=\"La tela t\u00e9rmica tambi\u00e9n ha sido utilizada para generar t\u00faneles agr\u00edcolas.\" width=\"300\" height=\"245\" srcset=\"https:\/\/tela-termica.net\/wp-content\/uploads\/2016\/09\/la-tela-t\u00e9rmica-en-lombricultura-300x245.jpg 300w, https:\/\/tela-termica.net\/wp-content\/uploads\/2016\/09\/la-tela-t\u00e9rmica-en-lombricultura.jpg 327w\" sizes=\"auto, (max-width: 300px) 100vw, 300px\" \/><figcaption id=\"caption-attachment-16\" class=\"wp-caption-text\">La tela t\u00e9rmica tambi\u00e9n ha sido utilizada para generar t\u00faneles agr\u00edcolas.<\/figcaption><\/figure>\n<p>Para saber m\u00e1s de la tela t\u00e9rmica y de otras telas y mallas sigue leyendo <a href=\"https:\/\/www.hortomallas.com\/manta-termica-invernavelo\"><strong>aqu\u00ed <\/strong><\/a><\/p>\n","protected":false},"excerpt":{"rendered":"<p>Tela t\u00e9rmica Tela-t\u00e9rmica, tela para invernaderos, invernadero, tela contra el sol, tela anti-insectos, malla anti-insectos, tela anti-heladas, malla anti-heladas, colch\u00f3n t\u00e9rmico, casa invernadero, tela t\u00e9rmica. Proteja a sus cultivos con &hellip; <\/p>\n","protected":false},"author":1,"featured_media":0,"parent":0,"menu_order":0,"comment_status":"closed","ping_status":"open","template":"","meta":{"footnotes":""},"class_list":["post-2","page","type-page","status-publish","hentry"],"yoast_head":"<!-- This site is optimized with the Yoast SEO plugin v26.2 - https:\/\/yoast.com\/wordpress\/plugins\/seo\/ -->\n<title>Tela T\u00e9rmica - tela termica<\/title>\n<meta name=\"description\" content=\"Las ventajas de adquirir la tela t\u00e9rmica es su f\u00e1cil instalaci\u00f3n adem\u00e1s es ligera protegiendo a tus cultivos de las heladas.\" \/>\n<meta name=\"robots\" content=\"index, follow, max-snippet:-1, max-image-preview:large, max-video-preview:-1\" \/>\n<link rel=\"canonical\" href=\"https:\/\/tela-termica.net\/\" \/>\n<meta property=\"og:locale\" content=\"es_MX\" \/>\n<meta property=\"og:type\" content=\"article\" \/>\n<meta property=\"og:title\" content=\"Tela T\u00e9rmica - tela termica\" \/>\n<meta property=\"og:description\" content=\"Las ventajas de adquirir la tela t\u00e9rmica es su f\u00e1cil instalaci\u00f3n adem\u00e1s es ligera protegiendo a tus cultivos de las heladas.\" \/>\n<meta property=\"og:url\" content=\"https:\/\/tela-termica.net\/\" \/>\n<meta property=\"og:site_name\" content=\"tela termica\" \/>\n<meta property=\"article:modified_time\" content=\"2019-06-20T18:37:10+00:00\" \/>\n<meta property=\"og:image\" content=\"http:\/\/tela-termica.net\/wp-content\/uploads\/2016\/09\/la-isntalaci\u00f3n-de-la-tela-t\u00e9rmica-puede-ser-personalizada.jpg\" \/>\n<meta name=\"twitter:card\" content=\"summary_large_image\" \/>\n<meta name=\"twitter:label1\" content=\"Tiempo de lectura\" \/>\n\t<meta name=\"twitter:data1\" content=\"3 minutos\" \/>\n<script type=\"application\/ld+json\" class=\"yoast-schema-graph\">{\"@context\":\"https:\/\/schema.org\",\"@graph\":[{\"@type\":\"WebPage\",\"@id\":\"https:\/\/tela-termica.net\/\",\"url\":\"https:\/\/tela-termica.net\/\",\"name\":\"Tela T\u00e9rmica - tela termica\",\"isPartOf\":{\"@id\":\"https:\/\/tela-termica.net\/#website\"},\"datePublished\":\"2016-09-27T22:56:13+00:00\",\"dateModified\":\"2019-06-20T18:37:10+00:00\",\"description\":\"Las ventajas de adquirir la tela t\u00e9rmica es su f\u00e1cil instalaci\u00f3n adem\u00e1s es ligera protegiendo a tus cultivos de las heladas.\",\"breadcrumb\":{\"@id\":\"https:\/\/tela-termica.net\/#breadcrumb\"},\"inLanguage\":\"es\",\"potentialAction\":[{\"@type\":\"ReadAction\",\"target\":[\"https:\/\/tela-termica.net\/\"]}]},{\"@type\":\"BreadcrumbList\",\"@id\":\"https:\/\/tela-termica.net\/#breadcrumb\",\"itemListElement\":[{\"@type\":\"ListItem\",\"position\":1,\"name\":\"Inicio\",\"item\":\"https:\/\/tela-termica.net\/\"},{\"@type\":\"ListItem\",\"position\":2,\"name\":\"Tela T\u00e9rmica\"}]},{\"@type\":\"WebSite\",\"@id\":\"https:\/\/tela-termica.net\/#website\",\"url\":\"https:\/\/tela-termica.net\/\",\"name\":\"tela termica\",\"description\":\"Ideal en la Protecci\u00f3n de Cultivos Contra las Heladas\",\"publisher\":{\"@id\":\"https:\/\/tela-termica.net\/#organization\"},\"potentialAction\":[{\"@type\":\"SearchAction\",\"target\":{\"@type\":\"EntryPoint\",\"urlTemplate\":\"https:\/\/tela-termica.net\/?s={search_term_string}\"},\"query-input\":{\"@type\":\"PropertyValueSpecification\",\"valueRequired\":true,\"valueName\":\"search_term_string\"}}],\"inLanguage\":\"es\"},{\"@type\":\"Organization\",\"@id\":\"https:\/\/tela-termica.net\/#organization\",\"name\":\"tela termica\",\"url\":\"https:\/\/tela-termica.net\/\",\"logo\":{\"@type\":\"ImageObject\",\"inLanguage\":\"es\",\"@id\":\"https:\/\/tela-termica.net\/#\/schema\/logo\/image\/\",\"url\":\"https:\/\/tela-termica.net\/wp-content\/uploads\/2023\/04\/cropped-cropped-INVERNAVELO-520x520-1-1.png\",\"contentUrl\":\"https:\/\/tela-termica.net\/wp-content\/uploads\/2023\/04\/cropped-cropped-INVERNAVELO-520x520-1-1.png\",\"width\":512,\"height\":171,\"caption\":\"tela termica\"},\"image\":{\"@id\":\"https:\/\/tela-termica.net\/#\/schema\/logo\/image\/\"}}]}<\/script>\n<!-- \/ Yoast SEO plugin. -->","yoast_head_json":{"title":"Tela T\u00e9rmica - tela termica","description":"Las ventajas de adquirir la tela t\u00e9rmica es su f\u00e1cil instalaci\u00f3n adem\u00e1s es ligera protegiendo a tus cultivos de las heladas.","robots":{"index":"index","follow":"follow","max-snippet":"max-snippet:-1","max-image-preview":"max-image-preview:large","max-video-preview":"max-video-preview:-1"},"canonical":"https:\/\/tela-termica.net\/","og_locale":"es_MX","og_type":"article","og_title":"Tela T\u00e9rmica - tela termica","og_description":"Las ventajas de adquirir la tela t\u00e9rmica es su f\u00e1cil instalaci\u00f3n adem\u00e1s es ligera protegiendo a tus cultivos de las heladas.","og_url":"https:\/\/tela-termica.net\/","og_site_name":"tela termica","article_modified_time":"2019-06-20T18:37:10+00:00","og_image":[{"url":"http:\/\/tela-termica.net\/wp-content\/uploads\/2016\/09\/la-isntalaci\u00f3n-de-la-tela-t\u00e9rmica-puede-ser-personalizada.jpg","type":"","width":"","height":""}],"twitter_card":"summary_large_image","twitter_misc":{"Tiempo de lectura":"3 minutos"},"schema":{"@context":"https:\/\/schema.org","@graph":[{"@type":"WebPage","@id":"https:\/\/tela-termica.net\/","url":"https:\/\/tela-termica.net\/","name":"Tela T\u00e9rmica - tela termica","isPartOf":{"@id":"https:\/\/tela-termica.net\/#website"},"datePublished":"2016-09-27T22:56:13+00:00","dateModified":"2019-06-20T18:37:10+00:00","description":"Las ventajas de adquirir la tela t\u00e9rmica es su f\u00e1cil instalaci\u00f3n adem\u00e1s es ligera protegiendo a tus cultivos de las heladas.","breadcrumb":{"@id":"https:\/\/tela-termica.net\/#breadcrumb"},"inLanguage":"es","potentialAction":[{"@type":"ReadAction","target":["https:\/\/tela-termica.net\/"]}]},{"@type":"BreadcrumbList","@id":"https:\/\/tela-termica.net\/#breadcrumb","itemListElement":[{"@type":"ListItem","position":1,"name":"Inicio","item":"https:\/\/tela-termica.net\/"},{"@type":"ListItem","position":2,"name":"Tela T\u00e9rmica"}]},{"@type":"WebSite","@id":"https:\/\/tela-termica.net\/#website","url":"https:\/\/tela-termica.net\/","name":"tela termica","description":"Ideal en la Protecci\u00f3n de Cultivos Contra las Heladas","publisher":{"@id":"https:\/\/tela-termica.net\/#organization"},"potentialAction":[{"@type":"SearchAction","target":{"@type":"EntryPoint","urlTemplate":"https:\/\/tela-termica.net\/?s={search_term_string}"},"query-input":{"@type":"PropertyValueSpecification","valueRequired":true,"valueName":"search_term_string"}}],"inLanguage":"es"},{"@type":"Organization","@id":"https:\/\/tela-termica.net\/#organization","name":"tela termica","url":"https:\/\/tela-termica.net\/","logo":{"@type":"ImageObject","inLanguage":"es","@id":"https:\/\/tela-termica.net\/#\/schema\/logo\/image\/","url":"https:\/\/tela-termica.net\/wp-content\/uploads\/2023\/04\/cropped-cropped-INVERNAVELO-520x520-1-1.png","contentUrl":"https:\/\/tela-termica.net\/wp-content\/uploads\/2023\/04\/cropped-cropped-INVERNAVELO-520x520-1-1.png","width":512,"height":171,"caption":"tela termica"},"image":{"@id":"https:\/\/tela-termica.net\/#\/schema\/logo\/image\/"}}]}},"_links":{"self":[{"href":"https:\/\/tela-termica.net\/index.php\/wp-json\/wp\/v2\/pages\/2","targetHints":{"allow":["GET"]}}],"collection":[{"href":"https:\/\/tela-termica.net\/index.php\/wp-json\/wp\/v2\/pages"}],"about":[{"href":"https:\/\/tela-termica.net\/index.php\/wp-json\/wp\/v2\/types\/page"}],"author":[{"embeddable":true,"href":"https:\/\/tela-termica.net\/index.php\/wp-json\/wp\/v2\/users\/1"}],"replies":[{"embeddable":true,"href":"https:\/\/tela-termica.net\/index.php\/wp-json\/wp\/v2\/comments?post=2"}],"version-history":[{"count":9,"href":"https:\/\/tela-termica.net\/index.php\/wp-json\/wp\/v2\/pages\/2\/revisions"}],"predecessor-version":[{"id":35,"href":"https:\/\/tela-termica.net\/index.php\/wp-json\/wp\/v2\/pages\/2\/revisions\/35"}],"wp:attachment":[{"href":"https:\/\/tela-termica.net\/index.php\/wp-json\/wp\/v2\/media?parent=2"}],"curies":[{"name":"wp","href":"https:\/\/api.w.org\/{rel}","templated":true}]}}